{"id":1089,"date":"2020-12-31T09:59:55","date_gmt":"2020-12-31T09:59:55","guid":{"rendered":"https:\/\/www.jagelka.sk\/?page_id=1089"},"modified":"2024-10-22T06:23:09","modified_gmt":"2024-10-22T06:23:09","slug":"domov","status":"publish","type":"page","link":"https:\/\/www.jagelka.sk\/","title":{"rendered":"Domov"},"content":{"rendered":"<p>[et_pb_section fb_built=&#8220;1&#8243; fullwidth=&#8220;on&#8220; admin_label=&#8220;Header&#8220; _builder_version=&#8220;4.7.7&#8243; background_color=&#8220;#000000&#8243;][et_pb_fullwidth_slider _builder_version=&#8220;4.7.7&#8243; header_font=&#8220;Noto Sans HK|800|||||||&#8220; header_font_size=&#8220;5vw&#8220; header_line_height=&#8220;1.2em&#8220; body_line_height=&#8220;1.8em&#8220; custom_button=&#8220;on&#8220; button_text_size=&#8220;14px&#8220; button_text_color=&#8220;#171717&#8243; button_bg_color=&#8220;#FFB933&#8243; button_border_width=&#8220;0px&#8220; button_border_color=&#8220;#171717&#8243; button_letter_spacing=&#8220;2px&#8220; button_font=&#8220;Noto Sans HK|600||on|||||&#8220; button_use_icon=&#8220;off&#8220; button_custom_margin=&#8220;40px||||false|false&#8220; button_custom_padding=&#8220;16px|26px|16px|26px|true|false&#8220; text_orientation=&#8220;left&#8220; custom_padding=&#8220;10vw|6%|10vw|6%|true|true&#8220; custom_padding_tablet=&#8220;|10vw||10vw|true|true&#8220; custom_padding_phone=&#8220;&#8220; custom_padding_last_edited=&#8220;on|phone&#8220; button_bg_color__hover_enabled=&#8220;on|desktop&#8220; button_bg_color__hover=&#8220;#FFB645&#8243; button_bg_enable_color__hover=&#8220;on&#8220;][et_pb_slide heading=&#8220;JAGELKA s.r.o.&#8220; button_text=&#8220;Zisti viac&#8220; button_link=&#8220;#okno1&#8243; _builder_version=&#8220;4.7.7&#8243; body_font=&#8220;Noto Sans HK||||||||&#8220; use_background_color_gradient=&#8220;on&#8220; background_color_gradient_start=&#8220;rgba(0,0,0,0)&#8220; background_color_gradient_end=&#8220;#000000&#8243; background_color_gradient_overlays_image=&#8220;on&#8220; background_image=&#8220;https:\/\/www.jagelka.sk\/wp-content\/uploads\/2020\/12\/pexels-ian-beckley-2440013.jpg&#8220; background_enable_image=&#8220;on&#8220; button_icon=&#8220;%%258%%&#8220; sticky_transition=&#8220;on&#8220;]<\/p>\n<p>Autobusov\u00e1 a n\u00e1kladn\u00e1 doprava<\/p>\n<p>[\/et_pb_slide][\/et_pb_fullwidth_slider][\/et_pb_section][et_pb_section fb_built=&#8220;1&#8243; admin_label=&#8220;Blog Section&#8220; _builder_version=&#8220;4.7.7&#8243; background_color=&#8220;#E8E2D3&#8243; custom_padding=&#8220;0px||3px|||&#8220;][et_pb_row module_id=&#8220;okno1&#8243; _builder_version=&#8220;4.7.7&#8243; custom_padding=&#8220;50px||51px|||&#8220;][et_pb_column type=&#8220;4_4&#8243; _builder_version=&#8220;4.3.3&#8243;][et_pb_text content_tablet=&#8220;&#8220; content_phone=&#8220;<\/p>\n<p><em>AKTUALITY<\/em><\/p>\n<p>&#8220; content_last_edited=&#8220;on|desktop&#8220; _builder_version=&#8220;4.7.7&#8243; text_font=&#8220;Montserrat|600||on|||||&#8220; text_text_color=&#8220;#171717&#8243; text_font_size=&#8220;30px&#8220; text_letter_spacing=&#8220;10px&#8220; header_font_size=&#8220;43px&#8220; text_font_size_tablet=&#8220;&#8220; text_font_size_phone=&#8220;20px&#8220; text_font_size_last_edited=&#8220;on|phone&#8220; text_orientation_tablet=&#8220;&#8220; text_orientation_phone=&#8220;left&#8220; text_orientation_last_edited=&#8220;on|phone&#8220;]<\/p>\n<p style=\"padding-left: 60px;\"><em>AKTUALITY<\/em><\/p>\n<p>[\/et_pb_text][\/et_pb_column][\/et_pb_row][et_pb_row column_structure=&#8220;1_3,1_3,1_3&#8243; _builder_version=&#8220;4.7.7&#8243; _module_preset=&#8220;default&#8220; custom_padding=&#8220;0px|||||&#8220;][et_pb_column type=&#8220;1_3&#8243; _builder_version=&#8220;4.7.7&#8243; _module_preset=&#8220;default&#8220;][et_pb_blog fullwidth=&#8220;off&#8220; posts_number=&#8220;1&#8243; include_categories=&#8220;7,all&#8220; excerpt_length=&#8220;200&#8243; show_categories=&#8220;off&#8220; show_pagination=&#8220;off&#8220; _builder_version=&#8220;4.7.7&#8243; header_font=&#8220;Montserrat|600|||||||&#8220; header_font_size=&#8220;20px&#8220; body_font=&#8220;||||||||&#8220; body_text_align=&#8220;justify&#8220; body_font_size=&#8220;13px&#8220; body_line_height=&#8220;1.8em&#8220; meta_font=&#8220;Montserrat|300|||||||&#8220; pagination_font=&#8220;|700|||||||&#8220; pagination_text_color=&#8220;#FFB645&#8243; width=&#8220;85%&#8220; module_alignment=&#8220;center&#8220; custom_margin_tablet=&#8220;&#8220; custom_margin_phone=&#8220;&#8220; custom_margin_last_edited=&#8220;on|desktop&#8220; custom_padding=&#8220;0px||||false|false&#8220; custom_padding_tablet=&#8220;&#8220; custom_padding_phone=&#8220;&#8220; custom_padding_last_edited=&#8220;on|desktop&#8220; animation_style=&#8220;fade&#8220; border_style_all=&#8220;none&#8220; box_shadow_style=&#8220;preset1&#8243; box_shadow_vertical=&#8220;5px&#8220; box_shadow_blur=&#8220;25px&#8220; box_shadow_color=&#8220;rgba(0,0,0,0.05)&#8220; transform_styles__hover_enabled=&#8220;on|hover&#8220; transform_scale__hover_enabled=&#8220;on|hover&#8220; transform_translate__hover_enabled=&#8220;on|desktop&#8220; transform_rotate__hover_enabled=&#8220;on|desktop&#8220; transform_skew__hover_enabled=&#8220;on|desktop&#8220; transform_origin__hover_enabled=&#8220;on|desktop&#8220; transform_scale__hover=&#8220;104%|104%&#8220;][\/et_pb_blog][\/et_pb_column][et_pb_column type=&#8220;1_3&#8243; _builder_version=&#8220;4.7.7&#8243; _module_preset=&#8220;default&#8220;][\/et_pb_column][et_pb_column type=&#8220;1_3&#8243; _builder_version=&#8220;4.7.7&#8243; _module_preset=&#8220;default&#8220;][\/et_pb_column][\/et_pb_row][\/et_pb_section][et_pb_section fb_built=&#8220;1&#8243; _builder_version=&#8220;4.7.7&#8243; _module_preset=&#8220;default&#8220; background_color=&#8220;#FFB645&#8243; custom_padding=&#8220;3px||0px|||&#8220;][et_pb_row _builder_version=&#8220;4.7.7&#8243;][et_pb_column type=&#8220;4_4&#8243; _builder_version=&#8220;4.3.3&#8243;][et_pb_text content_tablet=&#8220;&#8220; content_phone=&#8220;<\/p>\n<p style=%22text-align: left;%22><em>PON\u00daKAME<\/em><\/p>\n<p>&#8220; content_last_edited=&#8220;on|phone&#8220; _builder_version=&#8220;4.7.7&#8243; text_font=&#8220;Montserrat|600||on|||||&#8220; text_text_color=&#8220;#171717&#8243; text_font_size=&#8220;30px&#8220; text_letter_spacing=&#8220;10px&#8220; header_font_size=&#8220;43px&#8220; text_font_size_tablet=&#8220;&#8220; text_font_size_phone=&#8220;20px&#8220; text_font_size_last_edited=&#8220;on|phone&#8220;]<\/p>\n<p style=\"text-align: left; padding-left: 90px;\"><em>PON\u00daKAME<\/em><\/p>\n<p>[\/et_pb_text][\/et_pb_column][\/et_pb_row][et_pb_row column_structure=&#8220;1_3,1_3,1_3&#8243; _builder_version=&#8220;4.3.3&#8243; background_color=&#8220;#FFB645&#8243; border_radii=&#8220;on|17px|17px|17px|17px&#8220;][et_pb_column type=&#8220;1_3&#8243; _builder_version=&#8220;4.3.3&#8243;][et_pb_blurb title=&#8220;Spo\u013dahlivos\u0165&#8220; use_icon=&#8220;on&#8220; font_icon=&#8220;%%57%%&#8220; use_circle=&#8220;on&#8220; circle_color=&#8220;#E8E2D3&#8243; _builder_version=&#8220;4.3.3&#8243; header_font=&#8220;Montserrat|700||on|||||&#8220; header_text_align=&#8220;center&#8220; header_font_size=&#8220;20px&#8220; header_letter_spacing=&#8220;4px&#8220;][\/et_pb_blurb][\/et_pb_column][et_pb_column type=&#8220;1_3&#8243; _builder_version=&#8220;4.3.3&#8243;][et_pb_blurb title=&#8220;Dobr\u00e9 ceny&#8220; use_icon=&#8220;on&#8220; font_icon=&#8220;%%156%%&#8220; use_circle=&#8220;on&#8220; circle_color=&#8220;#E8E2D3&#8243; _builder_version=&#8220;4.3.3&#8243; header_font=&#8220;Montserrat|700||on|||||&#8220; header_text_align=&#8220;center&#8220; header_font_size=&#8220;20px&#8220; header_letter_spacing=&#8220;4px&#8220;][\/et_pb_blurb][\/et_pb_column][et_pb_column type=&#8220;1_3&#8243; _builder_version=&#8220;4.3.3&#8243;][et_pb_blurb title=&#8220;Wi-Fi PRIPOJENIE&#8220; use_icon=&#8220;on&#8220; font_icon=&#8220;%%362%%&#8220; use_circle=&#8220;on&#8220; circle_color=&#8220;#E8E2D3&#8243; _builder_version=&#8220;4.3.3&#8243; header_font=&#8220;Montserrat|700|||||||&#8220; header_text_align=&#8220;center&#8220; header_font_size=&#8220;20px&#8220; header_letter_spacing=&#8220;4px&#8220;][\/et_pb_blurb][\/et_pb_column][\/et_pb_row][\/et_pb_section][et_pb_section fb_built=&#8220;1&#8243; _builder_version=&#8220;4.7.7&#8243; _module_preset=&#8220;default&#8220; background_color=&#8220;#E8E2D3&#8243; custom_padding=&#8220;||29px|||&#8220;][et_pb_row column_structure=&#8220;1_2,1_4,1_4&#8243; _builder_version=&#8220;4.7.7&#8243; custom_padding=&#8220;||0px|||&#8220;][et_pb_column type=&#8220;1_2&#8243; _builder_version=&#8220;4.3.3&#8243;][et_pb_text content_tablet=&#8220;&#8220; content_phone=&#8220;<\/p>\n<p style=%22text-align: left;%22><em>OSVED\u010cENIA<\/em><\/p>\n<p>&#8220; content_last_edited=&#8220;on|phone&#8220; _builder_version=&#8220;4.7.7&#8243; text_font=&#8220;Montserrat|600||on|||||&#8220; text_text_color=&#8220;#171717&#8243; text_font_size=&#8220;30px&#8220; text_letter_spacing=&#8220;10px&#8220; header_font_size=&#8220;43px&#8220; text_font_size_tablet=&#8220;&#8220; text_font_size_phone=&#8220;20px&#8220; text_font_size_last_edited=&#8220;on|phone&#8220;]<\/p>\n<p style=\"text-align: left; padding-left: 90px;\"><em>OSVED\u010cENIA<\/em><\/p>\n<p>[\/et_pb_text][\/et_pb_column][et_pb_column type=&#8220;1_4&#8243; _builder_version=&#8220;4.3.3&#8243;][et_pb_gallery gallery_ids=&#8220;964&#8243; posts_number=&#8220;1&#8243; show_title_and_caption=&#8220;off&#8220; show_pagination=&#8220;off&#8220; hover_overlay_color=&#8220;rgba(255,255,255,0.52)&#8220; _builder_version=&#8220;4.7.7&#8243; _module_preset=&#8220;default&#8220; width=&#8220;80%&#8220; module_alignment_tablet=&#8220;&#8220; module_alignment_phone=&#8220;center&#8220; module_alignment_last_edited=&#8220;on|phone&#8220;][\/et_pb_gallery][\/et_pb_column][et_pb_column type=&#8220;1_4&#8243; _builder_version=&#8220;4.3.3&#8243;][et_pb_gallery gallery_ids=&#8220;966&#8243; posts_number=&#8220;1&#8243; show_title_and_caption=&#8220;off&#8220; show_pagination=&#8220;off&#8220; hover_overlay_color=&#8220;rgba(255,255,255,0.52)&#8220; _builder_version=&#8220;4.7.7&#8243; _module_preset=&#8220;default&#8220; width=&#8220;80%&#8220; module_alignment_tablet=&#8220;&#8220; module_alignment_phone=&#8220;center&#8220; module_alignment_last_edited=&#8220;on|phone&#8220;][\/et_pb_gallery][\/et_pb_column][\/et_pb_row][\/et_pb_section]<\/p>\n","protected":false},"excerpt":{"rendered":"<p>[et_pb_section fb_built=&#8220;1&#8243; fullwidth=&#8220;on&#8220; admin_label=&#8220;Header&#8220; _builder_version=&#8220;4.7.7&#8243; background_color=&#8220;#000000&#8243;][et_pb_fullwidth_slider _builder_version=&#8220;4.7.7&#8243; header_font=&#8220;Noto Sans HK|800|||||||&#8220; header_font_size=&#8220;5vw&#8220; header_line_height=&#8220;1.2em&#8220; body_line_height=&#8220;1.8em&#8220; custom_button=&#8220;on&#8220; button_text_size=&#8220;14px&#8220; button_text_color=&#8220;#171717&#8243; button_bg_color=&#8220;#FFB933&#8243; button_border_width=&#8220;0px&#8220; button_border_color=&#8220;#171717&#8243; button_letter_spacing=&#8220;2px&#8220; button_font=&#8220;Noto Sans HK|600||on|||||&#8220; button_use_icon=&#8220;off&#8220; button_custom_margin=&#8220;40px||||false|false&#8220; button_custom_padding=&#8220;16px|26px|16px|26px|true|false&#8220; text_orientation=&#8220;left&#8220; custom_padding=&#8220;10vw|6%|10vw|6%|true|true&#8220; custom_padding_tablet=&#8220;|10vw||10vw|true|true&#8220; custom_padding_phone=&#8220;&#8220; custom_padding_last_edited=&#8220;on|phone&#8220; button_bg_color__hover_enabled=&#8220;on|desktop&#8220; button_bg_color__hover=&#8220;#FFB645&#8243; button_bg_enable_color__hover=&#8220;on&#8220;][et_pb_slide heading=&#8220;JAGELKA s.r.o.&#8220; button_text=&#8220;Zisti viac&#8220; button_link=&#8220;#okno1&#8243; _builder_version=&#8220;4.7.7&#8243; body_font=&#8220;Noto Sans HK||||||||&#8220; use_background_color_gradient=&#8220;on&#8220; background_color_gradient_start=&#8220;rgba(0,0,0,0)&#8220; background_color_gradient_end=&#8220;#000000&#8243; background_color_gradient_overlays_image=&#8220;on&#8220; background_image=&#8220;https:\/\/www.jagelka.sk\/wp-content\/uploads\/2020\/12\/pexels-ian-beckley-2440013.jpg&#8220; background_enable_image=&#8220;on&#8220; button_icon=&#8220;%%258%%&#8220; sticky_transition=&#8220;on&#8220;] Autobusov\u00e1 a n\u00e1kladn\u00e1 doprava [&hellip;]<\/p>\n","protected":false},"author":1,"featured_media":0,"parent":0,"menu_order":0,"comment_status":"closed","ping_status":"closed","template":"","meta":{"_et_pb_use_builder":"on","_et_pb_old_content":"","_et_gb_content_width":"","footnotes":""},"class_list":["post-1089","page","type-page","status-publish","hentry"],"_links":{"self":[{"href":"https:\/\/www.jagelka.sk\/index.php?rest_route=\/wp\/v2\/pages\/1089","targetHints":{"allow":["GET"]}}],"collection":[{"href":"https:\/\/www.jagelka.sk\/index.php?rest_route=\/wp\/v2\/pages"}],"about":[{"href":"https:\/\/www.jagelka.sk\/index.php?rest_route=\/wp\/v2\/types\/page"}],"author":[{"embeddable":true,"href":"https:\/\/www.jagelka.sk\/index.php?rest_route=\/wp\/v2\/users\/1"}],"replies":[{"embeddable":true,"href":"https:\/\/www.jagelka.sk\/index.php?rest_route=%2Fwp%2Fv2%2Fcomments&post=1089"}],"version-history":[{"count":80,"href":"https:\/\/www.jagelka.sk\/index.php?rest_route=\/wp\/v2\/pages\/1089\/revisions"}],"predecessor-version":[{"id":1389,"href":"https:\/\/www.jagelka.sk\/index.php?rest_route=\/wp\/v2\/pages\/1089\/revisions\/1389"}],"wp:attachment":[{"href":"https:\/\/www.jagelka.sk\/index.php?rest_route=%2Fwp%2Fv2%2Fmedia&parent=1089"}],"curies":[{"name":"wp","href":"https:\/\/api.w.org\/{rel}","templated":true}]}}